{"id":2142,"date":"2024-05-10T09:26:21","date_gmt":"2024-05-10T08:26:21","guid":{"rendered":"https:\/\/cnbonreal.com\/?post_type=product&#038;p=2142"},"modified":"2025-09-23T08:42:20","modified_gmt":"2025-09-23T07:42:20","slug":"finger-cabinet-pulls-for-kitchen-drawer-finger-edge-pull-tab-handle","status":"publish","type":"product","link":"https:\/\/cnbonreal.com\/it\/prodotto\/finger-cabinet-pulls-for-kitchen-drawer-finger-edge-pull-tab-handle\/","title":{"rendered":"Finger Cabinet Pulls per cassetto cucina Finger Edge Pull Tab Maniglia"},"content":{"rendered":"","protected":false},"excerpt":{"rendered":"<p><span class=\"a-list-item\">Design speciale degli angoli: Linee classiche americane lisce, angoli spessi e arrotondati, senza ferire le mani, senza paura di urtare, per migliorare la sicurezza.<\/span><\/p>\n<p><span class=\"a-list-item\">Materiale di prima qualit\u00e0: I tiranti per il bordo del supporto sono realizzati in materiale di alluminio di alta qualit\u00e0, fuso in un unico pezzo, base solida, non facile da rompere, forte e durevole, durata pi\u00f9 lunga.<\/span><\/p>\n<p><span class=\"a-list-item\">\u3010Multifunzionale \u3011: Perfetto per diversi stili di armadi, cassetti, credenze e mobili, rendono la vostra casa molto elegante e moderna.<\/span><\/p>","protected":false},"featured_media":2116,"template":"","meta":{"site-sidebar-layout":"default","site-content-layout":"","ast-site-content-layout":"default","site-content-style":"default","site-sidebar-style":"default","ast-global-header-display":"","ast-banner-title-visibility":"","ast-main-header-display":"","ast-hfb-above-header-display":"","ast-hfb-below-header-display":"","ast-hfb-mobile-header-display":"","site-post-title":"","ast-breadcrumbs-content":"","ast-featured-img":"","footer-sml-layout":"","ast-disable-related-posts":"","theme-transparent-header-meta":"default","adv-header-id-meta":"","stick-header-meta":"","header-above-stick-meta":"","header-main-stick-meta":"","header-below-stick-meta":"","astra-migrate-meta-layouts":"set","ast-page-background-enabled":"default","ast-page-background-meta":{"desktop":{"background-color":"var(--ast-global-color-4)","background-image":"","background-repeat":"repeat","background-position":"center center","background-size":"auto","background-attachment":"scroll","background-type":"","background-media":"","overlay-type":"","overlay-color":"","overlay-opacity":"","overlay-gradient":""},"tablet":{"background-color":"","background-image":"","background-repeat":"repeat","background-position":"center center","background-size":"auto","background-attachment":"scroll","background-type":"","background-media":"","overlay-type":"","overlay-color":"","overlay-opacity":"","overlay-gradient":""},"mobile":{"background-color":"","background-image":"","background-repeat":"repeat","background-position":"center center","background-size":"auto","background-attachment":"scroll","background-type":"","background-media":"","overlay-type":"","overlay-color":"","overlay-opacity":"","overlay-gradient":""}},"ast-content-background-meta":{"desktop":{"background-color":"var(--ast-global-color-5)","background-image":"","background-repeat":"repeat","background-position":"center center","background-size":"auto","background-attachment":"scroll","background-type":"","background-media":"","overlay-type":"","overlay-color":"","overlay-opacity":"","overlay-gradient":""},"tablet":{"background-color":"var(--ast-global-color-5)","background-image":"","background-repeat":"repeat","background-position":"center center","background-size":"auto","background-attachment":"scroll","background-type":"","background-media":"","overlay-type":"","overlay-color":"","overlay-opacity":"","overlay-gradient":""},"mobile":{"background-color":"var(--ast-global-color-5)","background-image":"","background-repeat":"repeat","background-position":"center center","background-size":"auto","background-attachment":"scroll","background-type":"","background-media":"","overlay-type":"","overlay-color":"","overlay-opacity":"","overlay-gradient":""}}},"product_brand":[],"product_cat":[38],"product_tag":[],"class_list":{"0":"post-2142","1":"product","2":"type-product","3":"status-publish","4":"has-post-thumbnail","6":"product_cat-handles","7":"desktop-align-left","8":"tablet-align-left","9":"mobile-align-left","11":"first","12":"instock","13":"shipping-taxable","14":"product-type-simple"},"yoast_head":"<!-- This site is optimized with the Yoast SEO plugin v27.5 - https:\/\/yoast.com\/product\/yoast-seo-wordpress\/ -->\n<title>Finger Cabinet Pulls for Kitchen Drawer Finger Edge Pull Tab Handle - Bonreal Hardware And Aluminum Profile<\/title>\n<meta name=\"robots\" content=\"index, follow, max-snippet:-1, max-image-preview:large, max-video-preview:-1\" \/>\n<link rel=\"canonical\" href=\"https:\/\/cnbonreal.com\/it\/prodotto\/finger-cabinet-pulls-for-kitchen-drawer-finger-edge-pull-tab-handle\/\" \/>\n<meta property=\"og:locale\" content=\"it_IT\" \/>\n<meta property=\"og:type\" content=\"article\" \/>\n<meta property=\"og:title\" content=\"Finger Cabinet Pulls for Kitchen Drawer Finger Edge Pull Tab Handle - Bonreal Hardware And Aluminum Profile\" \/>\n<meta property=\"og:description\" content=\"\u3010Special Corner Design\u3011: Classic American smooth lines, thick and round corners, without hurting the hands, not afraid of bumping, improve safety.  \u3010Premium Material\u3011: Mount finger edge pulls are made from high quality aluminum material, cast in one, solid base, not easy to break, strong and durable, longer service life.  \u3010Multifunctional \u3011: Perfect for different styles of cabinets, drawers, cupboards and furniture, make your home look very elegant and modern.\" \/>\n<meta property=\"og:url\" content=\"https:\/\/cnbonreal.com\/it\/prodotto\/finger-cabinet-pulls-for-kitchen-drawer-finger-edge-pull-tab-handle\/\" \/>\n<meta property=\"og:site_name\" content=\"Bonreal Hardware And Aluminum Profile\" \/>\n<meta property=\"article:modified_time\" content=\"2025-09-23T07:42:20+00:00\" \/>\n<meta name=\"twitter:card\" content=\"summary_large_image\" \/>\n<script type=\"application\/ld+json\" class=\"yoast-schema-graph\">{\"@context\":\"https:\\\/\\\/schema.org\",\"@graph\":[{\"@type\":\"WebPage\",\"@id\":\"https:\\\/\\\/cnbonreal.com\\\/product\\\/finger-cabinet-pulls-for-kitchen-drawer-finger-edge-pull-tab-handle\\\/\",\"url\":\"https:\\\/\\\/cnbonreal.com\\\/product\\\/finger-cabinet-pulls-for-kitchen-drawer-finger-edge-pull-tab-handle\\\/\",\"name\":\"Finger Cabinet Pulls for Kitchen Drawer Finger Edge Pull Tab Handle - Bonreal Hardware And Aluminum Profile\",\"isPartOf\":{\"@id\":\"https:\\\/\\\/cnbonreal.com\\\/#website\"},\"primaryImageOfPage\":{\"@id\":\"https:\\\/\\\/cnbonreal.com\\\/product\\\/finger-cabinet-pulls-for-kitchen-drawer-finger-edge-pull-tab-handle\\\/#primaryimage\"},\"image\":{\"@id\":\"https:\\\/\\\/cnbonreal.com\\\/product\\\/finger-cabinet-pulls-for-kitchen-drawer-finger-edge-pull-tab-handle\\\/#primaryimage\"},\"thumbnailUrl\":\"https:\\\/\\\/cnbonreal.com\\\/wp-content\\\/uploads\\\/2024\\\/05\\\/handles-6-1.avif\",\"datePublished\":\"2024-05-10T08:26:21+00:00\",\"dateModified\":\"2025-09-23T07:42:20+00:00\",\"breadcrumb\":{\"@id\":\"https:\\\/\\\/cnbonreal.com\\\/product\\\/finger-cabinet-pulls-for-kitchen-drawer-finger-edge-pull-tab-handle\\\/#breadcrumb\"},\"inLanguage\":\"it-IT\",\"potentialAction\":[{\"@type\":\"ReadAction\",\"target\":[\"https:\\\/\\\/cnbonreal.com\\\/product\\\/finger-cabinet-pulls-for-kitchen-drawer-finger-edge-pull-tab-handle\\\/\"]}]},{\"@type\":\"ImageObject\",\"inLanguage\":\"it-IT\",\"@id\":\"https:\\\/\\\/cnbonreal.com\\\/product\\\/finger-cabinet-pulls-for-kitchen-drawer-finger-edge-pull-tab-handle\\\/#primaryimage\",\"url\":\"https:\\\/\\\/cnbonreal.com\\\/wp-content\\\/uploads\\\/2024\\\/05\\\/handles-6-1.avif\",\"contentUrl\":\"https:\\\/\\\/cnbonreal.com\\\/wp-content\\\/uploads\\\/2024\\\/05\\\/handles-6-1.avif\",\"width\":600,\"height\":400},{\"@type\":\"BreadcrumbList\",\"@id\":\"https:\\\/\\\/cnbonreal.com\\\/product\\\/finger-cabinet-pulls-for-kitchen-drawer-finger-edge-pull-tab-handle\\\/#breadcrumb\",\"itemListElement\":[{\"@type\":\"ListItem\",\"position\":1,\"name\":\"Home\",\"item\":\"https:\\\/\\\/cnbonreal.com\\\/\"},{\"@type\":\"ListItem\",\"position\":2,\"name\":\"Shop\",\"item\":\"https:\\\/\\\/cnbonreal.com\\\/shop\\\/\"},{\"@type\":\"ListItem\",\"position\":3,\"name\":\"Finger Cabinet Pulls for Kitchen Drawer Finger Edge Pull Tab Handle\"}]},{\"@type\":\"WebSite\",\"@id\":\"https:\\\/\\\/cnbonreal.com\\\/#website\",\"url\":\"https:\\\/\\\/cnbonreal.com\\\/\",\"name\":\"bonreal\",\"description\":\"Your Leading Manufacturer of Aluminum Profile And Hardware\",\"publisher\":{\"@id\":\"https:\\\/\\\/cnbonreal.com\\\/#organization\"},\"potentialAction\":[{\"@type\":\"SearchAction\",\"target\":{\"@type\":\"EntryPoint\",\"urlTemplate\":\"https:\\\/\\\/cnbonreal.com\\\/?s={search_term_string}\"},\"query-input\":{\"@type\":\"PropertyValueSpecification\",\"valueRequired\":true,\"valueName\":\"search_term_string\"}}],\"inLanguage\":\"it-IT\"},{\"@type\":\"Organization\",\"@id\":\"https:\\\/\\\/cnbonreal.com\\\/#organization\",\"name\":\"bonreal\",\"url\":\"https:\\\/\\\/cnbonreal.com\\\/\",\"logo\":{\"@type\":\"ImageObject\",\"inLanguage\":\"it-IT\",\"@id\":\"https:\\\/\\\/cnbonreal.com\\\/#\\\/schema\\\/logo\\\/image\\\/\",\"url\":\"https:\\\/\\\/cnbonreal.com\\\/wp-content\\\/uploads\\\/2023\\\/12\\\/350-100.png\",\"contentUrl\":\"https:\\\/\\\/cnbonreal.com\\\/wp-content\\\/uploads\\\/2023\\\/12\\\/350-100.png\",\"width\":350,\"height\":100,\"caption\":\"bonreal\"},\"image\":{\"@id\":\"https:\\\/\\\/cnbonreal.com\\\/#\\\/schema\\\/logo\\\/image\\\/\"}}]}<\/script>\n<!-- \/ Yoast SEO plugin. -->","yoast_head_json":{"title":"Finger Cabinet Pulls for Kitchen Drawer Finger Edge Pull Tab Handle - Bonreal Hardware And Aluminum Profile","robots":{"index":"index","follow":"follow","max-snippet":"max-snippet:-1","max-image-preview":"max-image-preview:large","max-video-preview":"max-video-preview:-1"},"canonical":"https:\/\/cnbonreal.com\/it\/prodotto\/finger-cabinet-pulls-for-kitchen-drawer-finger-edge-pull-tab-handle\/","og_locale":"it_IT","og_type":"article","og_title":"Finger Cabinet Pulls for Kitchen Drawer Finger Edge Pull Tab Handle - Bonreal Hardware And Aluminum Profile","og_description":"\u3010Special Corner Design\u3011: Classic American smooth lines, thick and round corners, without hurting the hands, not afraid of bumping, improve safety.  \u3010Premium Material\u3011: Mount finger edge pulls are made from high quality aluminum material, cast in one, solid base, not easy to break, strong and durable, longer service life.  \u3010Multifunctional \u3011: Perfect for different styles of cabinets, drawers, cupboards and furniture, make your home look very elegant and modern.","og_url":"https:\/\/cnbonreal.com\/it\/prodotto\/finger-cabinet-pulls-for-kitchen-drawer-finger-edge-pull-tab-handle\/","og_site_name":"Bonreal Hardware And Aluminum Profile","article_modified_time":"2025-09-23T07:42:20+00:00","twitter_card":"summary_large_image","schema":{"@context":"https:\/\/schema.org","@graph":[{"@type":"WebPage","@id":"https:\/\/cnbonreal.com\/product\/finger-cabinet-pulls-for-kitchen-drawer-finger-edge-pull-tab-handle\/","url":"https:\/\/cnbonreal.com\/product\/finger-cabinet-pulls-for-kitchen-drawer-finger-edge-pull-tab-handle\/","name":"Finger Cabinet Pulls for Kitchen Drawer Finger Edge Pull Tab Handle - Bonreal Hardware And Aluminum Profile","isPartOf":{"@id":"https:\/\/cnbonreal.com\/#website"},"primaryImageOfPage":{"@id":"https:\/\/cnbonreal.com\/product\/finger-cabinet-pulls-for-kitchen-drawer-finger-edge-pull-tab-handle\/#primaryimage"},"image":{"@id":"https:\/\/cnbonreal.com\/product\/finger-cabinet-pulls-for-kitchen-drawer-finger-edge-pull-tab-handle\/#primaryimage"},"thumbnailUrl":"https:\/\/cnbonreal.com\/wp-content\/uploads\/2024\/05\/handles-6-1.avif","datePublished":"2024-05-10T08:26:21+00:00","dateModified":"2025-09-23T07:42:20+00:00","breadcrumb":{"@id":"https:\/\/cnbonreal.com\/product\/finger-cabinet-pulls-for-kitchen-drawer-finger-edge-pull-tab-handle\/#breadcrumb"},"inLanguage":"it-IT","potentialAction":[{"@type":"ReadAction","target":["https:\/\/cnbonreal.com\/product\/finger-cabinet-pulls-for-kitchen-drawer-finger-edge-pull-tab-handle\/"]}]},{"@type":"ImageObject","inLanguage":"it-IT","@id":"https:\/\/cnbonreal.com\/product\/finger-cabinet-pulls-for-kitchen-drawer-finger-edge-pull-tab-handle\/#primaryimage","url":"https:\/\/cnbonreal.com\/wp-content\/uploads\/2024\/05\/handles-6-1.avif","contentUrl":"https:\/\/cnbonreal.com\/wp-content\/uploads\/2024\/05\/handles-6-1.avif","width":600,"height":400},{"@type":"BreadcrumbList","@id":"https:\/\/cnbonreal.com\/product\/finger-cabinet-pulls-for-kitchen-drawer-finger-edge-pull-tab-handle\/#breadcrumb","itemListElement":[{"@type":"ListItem","position":1,"name":"Home","item":"https:\/\/cnbonreal.com\/"},{"@type":"ListItem","position":2,"name":"Shop","item":"https:\/\/cnbonreal.com\/shop\/"},{"@type":"ListItem","position":3,"name":"Finger Cabinet Pulls for Kitchen Drawer Finger Edge Pull Tab Handle"}]},{"@type":"WebSite","@id":"https:\/\/cnbonreal.com\/#website","url":"https:\/\/cnbonreal.com\/","name":"bonreal","description":"Your Leading Manufacturer of Aluminum Profile And Hardware","publisher":{"@id":"https:\/\/cnbonreal.com\/#organization"},"potentialAction":[{"@type":"SearchAction","target":{"@type":"EntryPoint","urlTemplate":"https:\/\/cnbonreal.com\/?s={search_term_string}"},"query-input":{"@type":"PropertyValueSpecification","valueRequired":true,"valueName":"search_term_string"}}],"inLanguage":"it-IT"},{"@type":"Organization","@id":"https:\/\/cnbonreal.com\/#organization","name":"bonreal","url":"https:\/\/cnbonreal.com\/","logo":{"@type":"ImageObject","inLanguage":"it-IT","@id":"https:\/\/cnbonreal.com\/#\/schema\/logo\/image\/","url":"https:\/\/cnbonreal.com\/wp-content\/uploads\/2023\/12\/350-100.png","contentUrl":"https:\/\/cnbonreal.com\/wp-content\/uploads\/2023\/12\/350-100.png","width":350,"height":100,"caption":"bonreal"},"image":{"@id":"https:\/\/cnbonreal.com\/#\/schema\/logo\/image\/"}}]}},"_links":{"self":[{"href":"https:\/\/cnbonreal.com\/it\/wp-json\/wp\/v2\/product\/2142","targetHints":{"allow":["GET"]}}],"collection":[{"href":"https:\/\/cnbonreal.com\/it\/wp-json\/wp\/v2\/product"}],"about":[{"href":"https:\/\/cnbonreal.com\/it\/wp-json\/wp\/v2\/types\/product"}],"version-history":[{"count":1,"href":"https:\/\/cnbonreal.com\/it\/wp-json\/wp\/v2\/product\/2142\/revisions"}],"predecessor-version":[{"id":2143,"href":"https:\/\/cnbonreal.com\/it\/wp-json\/wp\/v2\/product\/2142\/revisions\/2143"}],"wp:featuredmedia":[{"embeddable":true,"href":"https:\/\/cnbonreal.com\/it\/wp-json\/wp\/v2\/media\/2116"}],"wp:attachment":[{"href":"https:\/\/cnbonreal.com\/it\/wp-json\/wp\/v2\/media?parent=2142"}],"wp:term":[{"taxonomy":"product_brand","embeddable":true,"href":"https:\/\/cnbonreal.com\/it\/wp-json\/wp\/v2\/product_brand?post=2142"},{"taxonomy":"product_cat","embeddable":true,"href":"https:\/\/cnbonreal.com\/it\/wp-json\/wp\/v2\/product_cat?post=2142"},{"taxonomy":"product_tag","embeddable":true,"href":"https:\/\/cnbonreal.com\/it\/wp-json\/wp\/v2\/product_tag?post=2142"}],"curies":[{"name":"wp","href":"https:\/\/api.w.org\/{rel}","templated":true}]}}