{"id":1995,"date":"2024-05-10T03:27:31","date_gmt":"2024-05-10T02:27:31","guid":{"rendered":"https:\/\/cnbonreal.com\/?post_type=product&#038;p=1995"},"modified":"2024-05-10T03:30:54","modified_gmt":"2024-05-10T02:30:54","slug":"rectangle-side-hole-flush-embedded-sliding-door-handle-with-hidden-screws","status":"publish","type":"product","link":"https:\/\/cnbonreal.com\/fr\/produit\/rectangle-side-hole-flush-embedded-sliding-door-handle-with-hidden-screws\/","title":{"rendered":"Poign\u00e9e de porte coulissante encastr\u00e9e \u00e0 trou lat\u00e9ral rectangulaire avec vis cach\u00e9es"},"content":{"rendered":"","protected":false},"excerpt":{"rendered":"<ul class=\"a-unordered-list a-vertical a-spacing-mini\">\n<li class=\"a-spacing-mini\"><span class=\"a-list-item\">Mat\u00e9riau de haute qualit\u00e9 : Mat\u00e9riau en alliage d'aluminium, pratique et durable, r\u00e9sistant \u00e0 la d\u00e9formation et \u00e0 la rouille.<\/span><\/li>\n<li class=\"a-spacing-mini\"><span class=\"a-list-item\">Installation int\u00e9gr\u00e9e : Conception \u00e9l\u00e9gante et cach\u00e9e, l'installation peut \u00eatre facilement r\u00e9alis\u00e9e \u00e0 l'aide d'un tournevis. Bien entendu, nous vous fournirons les vis pour vous faire gagner un temps pr\u00e9cieux.<\/span><\/li>\n<li class=\"a-spacing-mini\"><span class=\"a-list-item\">Convient \u00e0 toutes sortes de portes d'armoires : Cette poign\u00e9e convient parfaitement \u00e0 l'installation de la poign\u00e9e dans les armoires, les meubles TV, les armoires de salle de bain, les penderies, les tiroirs, etc. et elle est facile \u00e0 fixer sur vos meubles.<\/span><\/li>\n<\/ul>","protected":false},"featured_media":1865,"template":"","meta":{"site-sidebar-layout":"default","site-content-layout":"","ast-site-content-layout":"default","site-content-style":"default","site-sidebar-style":"default","ast-global-header-display":"","ast-banner-title-visibility":"","ast-main-header-display":"","ast-hfb-above-header-display":"","ast-hfb-below-header-display":"","ast-hfb-mobile-header-display":"","site-post-title":"","ast-breadcrumbs-content":"","ast-featured-img":"","footer-sml-layout":"","ast-disable-related-posts":"","theme-transparent-header-meta":"default","adv-header-id-meta":"","stick-header-meta":"","header-above-stick-meta":"","header-main-stick-meta":"","header-below-stick-meta":"","astra-migrate-meta-layouts":"set","ast-page-background-enabled":"default","ast-page-background-meta":{"desktop":{"background-color":"var(--ast-global-color-4)","background-image":"","background-repeat":"repeat","background-position":"center center","background-size":"auto","background-attachment":"scroll","background-type":"","background-media":"","overlay-type":"","overlay-color":"","overlay-opacity":"","overlay-gradient":""},"tablet":{"background-color":"","background-image":"","background-repeat":"repeat","background-position":"center center","background-size":"auto","background-attachment":"scroll","background-type":"","background-media":"","overlay-type":"","overlay-color":"","overlay-opacity":"","overlay-gradient":""},"mobile":{"background-color":"","background-image":"","background-repeat":"repeat","background-position":"center center","background-size":"auto","background-attachment":"scroll","background-type":"","background-media":"","overlay-type":"","overlay-color":"","overlay-opacity":"","overlay-gradient":""}},"ast-content-background-meta":{"desktop":{"background-color":"var(--ast-global-color-5)","background-image":"","background-repeat":"repeat","background-position":"center center","background-size":"auto","background-attachment":"scroll","background-type":"","background-media":"","overlay-type":"","overlay-color":"","overlay-opacity":"","overlay-gradient":""},"tablet":{"background-color":"var(--ast-global-color-5)","background-image":"","background-repeat":"repeat","background-position":"center center","background-size":"auto","background-attachment":"scroll","background-type":"","background-media":"","overlay-type":"","overlay-color":"","overlay-opacity":"","overlay-gradient":""},"mobile":{"background-color":"var(--ast-global-color-5)","background-image":"","background-repeat":"repeat","background-position":"center center","background-size":"auto","background-attachment":"scroll","background-type":"","background-media":"","overlay-type":"","overlay-color":"","overlay-opacity":"","overlay-gradient":""}}},"product_brand":[],"product_cat":[38],"product_tag":[],"class_list":{"0":"post-1995","1":"product","2":"type-product","3":"status-publish","4":"has-post-thumbnail","6":"product_cat-handles","7":"desktop-align-left","8":"tablet-align-left","9":"mobile-align-left","11":"first","12":"instock","13":"shipping-taxable","14":"product-type-simple"},"yoast_head":"<!-- This site is optimized with the Yoast SEO plugin v27.5 - https:\/\/yoast.com\/product\/yoast-seo-wordpress\/ -->\n<title>Rectangle Side Hole Flush Embedded Sliding Door Handle with Hidden Screws - Bonreal Hardware And Aluminum Profile<\/title>\n<meta name=\"robots\" content=\"index, follow, max-snippet:-1, max-image-preview:large, max-video-preview:-1\" \/>\n<link rel=\"canonical\" href=\"https:\/\/cnbonreal.com\/fr\/produit\/rectangle-side-hole-flush-embedded-sliding-door-handle-with-hidden-screws\/\" \/>\n<meta property=\"og:locale\" content=\"fr_FR\" \/>\n<meta property=\"og:type\" content=\"article\" \/>\n<meta property=\"og:title\" content=\"Rectangle Side Hole Flush Embedded Sliding Door Handle with Hidden Screws - Bonreal Hardware And Aluminum Profile\" \/>\n<meta property=\"og:description\" content=\"High-quality material: Aluminum alloy material, practical and durable, not easy to deform and not easy to rust.  Embedded installation: Elegant embedded hidden design, installation can be easily completed with a screwdriver. Of course, we will provide you with screws to save your precious time.  Suitable for all kinds of cabinet doors: This pull ring handle is very suitable for installing the handle in cabinets, TV cabinets, bathroom cabinets, wardrobes, drawers, etc., and it is easy to fix on your furniture.\" \/>\n<meta property=\"og:url\" content=\"https:\/\/cnbonreal.com\/fr\/produit\/rectangle-side-hole-flush-embedded-sliding-door-handle-with-hidden-screws\/\" \/>\n<meta property=\"og:site_name\" content=\"Bonreal Hardware And Aluminum Profile\" \/>\n<meta property=\"article:modified_time\" content=\"2024-05-10T02:30:54+00:00\" \/>\n<meta name=\"twitter:card\" content=\"summary_large_image\" \/>\n<script type=\"application\/ld+json\" class=\"yoast-schema-graph\">{\"@context\":\"https:\\\/\\\/schema.org\",\"@graph\":[{\"@type\":\"WebPage\",\"@id\":\"https:\\\/\\\/cnbonreal.com\\\/product\\\/rectangle-side-hole-flush-embedded-sliding-door-handle-with-hidden-screws\\\/\",\"url\":\"https:\\\/\\\/cnbonreal.com\\\/product\\\/rectangle-side-hole-flush-embedded-sliding-door-handle-with-hidden-screws\\\/\",\"name\":\"Rectangle Side Hole Flush Embedded Sliding Door Handle with Hidden Screws - Bonreal Hardware And Aluminum Profile\",\"isPartOf\":{\"@id\":\"https:\\\/\\\/cnbonreal.com\\\/#website\"},\"primaryImageOfPage\":{\"@id\":\"https:\\\/\\\/cnbonreal.com\\\/product\\\/rectangle-side-hole-flush-embedded-sliding-door-handle-with-hidden-screws\\\/#primaryimage\"},\"image\":{\"@id\":\"https:\\\/\\\/cnbonreal.com\\\/product\\\/rectangle-side-hole-flush-embedded-sliding-door-handle-with-hidden-screws\\\/#primaryimage\"},\"thumbnailUrl\":\"https:\\\/\\\/cnbonreal.com\\\/wp-content\\\/uploads\\\/2024\\\/05\\\/Embedded-Handles-5.avif\",\"datePublished\":\"2024-05-10T02:27:31+00:00\",\"dateModified\":\"2024-05-10T02:30:54+00:00\",\"breadcrumb\":{\"@id\":\"https:\\\/\\\/cnbonreal.com\\\/product\\\/rectangle-side-hole-flush-embedded-sliding-door-handle-with-hidden-screws\\\/#breadcrumb\"},\"inLanguage\":\"fr-FR\",\"potentialAction\":[{\"@type\":\"ReadAction\",\"target\":[\"https:\\\/\\\/cnbonreal.com\\\/product\\\/rectangle-side-hole-flush-embedded-sliding-door-handle-with-hidden-screws\\\/\"]}]},{\"@type\":\"ImageObject\",\"inLanguage\":\"fr-FR\",\"@id\":\"https:\\\/\\\/cnbonreal.com\\\/product\\\/rectangle-side-hole-flush-embedded-sliding-door-handle-with-hidden-screws\\\/#primaryimage\",\"url\":\"https:\\\/\\\/cnbonreal.com\\\/wp-content\\\/uploads\\\/2024\\\/05\\\/Embedded-Handles-5.avif\",\"contentUrl\":\"https:\\\/\\\/cnbonreal.com\\\/wp-content\\\/uploads\\\/2024\\\/05\\\/Embedded-Handles-5.avif\",\"width\":600,\"height\":400},{\"@type\":\"BreadcrumbList\",\"@id\":\"https:\\\/\\\/cnbonreal.com\\\/product\\\/rectangle-side-hole-flush-embedded-sliding-door-handle-with-hidden-screws\\\/#breadcrumb\",\"itemListElement\":[{\"@type\":\"ListItem\",\"position\":1,\"name\":\"Home\",\"item\":\"https:\\\/\\\/cnbonreal.com\\\/\"},{\"@type\":\"ListItem\",\"position\":2,\"name\":\"Shop\",\"item\":\"https:\\\/\\\/cnbonreal.com\\\/shop\\\/\"},{\"@type\":\"ListItem\",\"position\":3,\"name\":\"Rectangle Side Hole Flush Embedded Sliding Door Handle with Hidden Screws\"}]},{\"@type\":\"WebSite\",\"@id\":\"https:\\\/\\\/cnbonreal.com\\\/#website\",\"url\":\"https:\\\/\\\/cnbonreal.com\\\/\",\"name\":\"bonreal\",\"description\":\"Your Leading Manufacturer of Aluminum Profile And Hardware\",\"publisher\":{\"@id\":\"https:\\\/\\\/cnbonreal.com\\\/#organization\"},\"potentialAction\":[{\"@type\":\"SearchAction\",\"target\":{\"@type\":\"EntryPoint\",\"urlTemplate\":\"https:\\\/\\\/cnbonreal.com\\\/?s={search_term_string}\"},\"query-input\":{\"@type\":\"PropertyValueSpecification\",\"valueRequired\":true,\"valueName\":\"search_term_string\"}}],\"inLanguage\":\"fr-FR\"},{\"@type\":\"Organization\",\"@id\":\"https:\\\/\\\/cnbonreal.com\\\/#organization\",\"name\":\"bonreal\",\"url\":\"https:\\\/\\\/cnbonreal.com\\\/\",\"logo\":{\"@type\":\"ImageObject\",\"inLanguage\":\"fr-FR\",\"@id\":\"https:\\\/\\\/cnbonreal.com\\\/#\\\/schema\\\/logo\\\/image\\\/\",\"url\":\"https:\\\/\\\/cnbonreal.com\\\/wp-content\\\/uploads\\\/2023\\\/12\\\/350-100.png\",\"contentUrl\":\"https:\\\/\\\/cnbonreal.com\\\/wp-content\\\/uploads\\\/2023\\\/12\\\/350-100.png\",\"width\":350,\"height\":100,\"caption\":\"bonreal\"},\"image\":{\"@id\":\"https:\\\/\\\/cnbonreal.com\\\/#\\\/schema\\\/logo\\\/image\\\/\"}}]}<\/script>\n<!-- \/ Yoast SEO plugin. -->","yoast_head_json":{"title":"Rectangle Side Hole Flush Embedded Sliding Door Handle with Hidden Screws - Bonreal Hardware And Aluminum Profile","robots":{"index":"index","follow":"follow","max-snippet":"max-snippet:-1","max-image-preview":"max-image-preview:large","max-video-preview":"max-video-preview:-1"},"canonical":"https:\/\/cnbonreal.com\/fr\/produit\/rectangle-side-hole-flush-embedded-sliding-door-handle-with-hidden-screws\/","og_locale":"fr_FR","og_type":"article","og_title":"Rectangle Side Hole Flush Embedded Sliding Door Handle with Hidden Screws - Bonreal Hardware And Aluminum Profile","og_description":"High-quality material: Aluminum alloy material, practical and durable, not easy to deform and not easy to rust.  Embedded installation: Elegant embedded hidden design, installation can be easily completed with a screwdriver. Of course, we will provide you with screws to save your precious time.  Suitable for all kinds of cabinet doors: This pull ring handle is very suitable for installing the handle in cabinets, TV cabinets, bathroom cabinets, wardrobes, drawers, etc., and it is easy to fix on your furniture.","og_url":"https:\/\/cnbonreal.com\/fr\/produit\/rectangle-side-hole-flush-embedded-sliding-door-handle-with-hidden-screws\/","og_site_name":"Bonreal Hardware And Aluminum Profile","article_modified_time":"2024-05-10T02:30:54+00:00","twitter_card":"summary_large_image","schema":{"@context":"https:\/\/schema.org","@graph":[{"@type":"WebPage","@id":"https:\/\/cnbonreal.com\/product\/rectangle-side-hole-flush-embedded-sliding-door-handle-with-hidden-screws\/","url":"https:\/\/cnbonreal.com\/product\/rectangle-side-hole-flush-embedded-sliding-door-handle-with-hidden-screws\/","name":"Rectangle Side Hole Flush Embedded Sliding Door Handle with Hidden Screws - Bonreal Hardware And Aluminum Profile","isPartOf":{"@id":"https:\/\/cnbonreal.com\/#website"},"primaryImageOfPage":{"@id":"https:\/\/cnbonreal.com\/product\/rectangle-side-hole-flush-embedded-sliding-door-handle-with-hidden-screws\/#primaryimage"},"image":{"@id":"https:\/\/cnbonreal.com\/product\/rectangle-side-hole-flush-embedded-sliding-door-handle-with-hidden-screws\/#primaryimage"},"thumbnailUrl":"https:\/\/cnbonreal.com\/wp-content\/uploads\/2024\/05\/Embedded-Handles-5.avif","datePublished":"2024-05-10T02:27:31+00:00","dateModified":"2024-05-10T02:30:54+00:00","breadcrumb":{"@id":"https:\/\/cnbonreal.com\/product\/rectangle-side-hole-flush-embedded-sliding-door-handle-with-hidden-screws\/#breadcrumb"},"inLanguage":"fr-FR","potentialAction":[{"@type":"ReadAction","target":["https:\/\/cnbonreal.com\/product\/rectangle-side-hole-flush-embedded-sliding-door-handle-with-hidden-screws\/"]}]},{"@type":"ImageObject","inLanguage":"fr-FR","@id":"https:\/\/cnbonreal.com\/product\/rectangle-side-hole-flush-embedded-sliding-door-handle-with-hidden-screws\/#primaryimage","url":"https:\/\/cnbonreal.com\/wp-content\/uploads\/2024\/05\/Embedded-Handles-5.avif","contentUrl":"https:\/\/cnbonreal.com\/wp-content\/uploads\/2024\/05\/Embedded-Handles-5.avif","width":600,"height":400},{"@type":"BreadcrumbList","@id":"https:\/\/cnbonreal.com\/product\/rectangle-side-hole-flush-embedded-sliding-door-handle-with-hidden-screws\/#breadcrumb","itemListElement":[{"@type":"ListItem","position":1,"name":"Home","item":"https:\/\/cnbonreal.com\/"},{"@type":"ListItem","position":2,"name":"Shop","item":"https:\/\/cnbonreal.com\/shop\/"},{"@type":"ListItem","position":3,"name":"Rectangle Side Hole Flush Embedded Sliding Door Handle with Hidden Screws"}]},{"@type":"WebSite","@id":"https:\/\/cnbonreal.com\/#website","url":"https:\/\/cnbonreal.com\/","name":"bonreal","description":"Your Leading Manufacturer of Aluminum Profile And Hardware","publisher":{"@id":"https:\/\/cnbonreal.com\/#organization"},"potentialAction":[{"@type":"SearchAction","target":{"@type":"EntryPoint","urlTemplate":"https:\/\/cnbonreal.com\/?s={search_term_string}"},"query-input":{"@type":"PropertyValueSpecification","valueRequired":true,"valueName":"search_term_string"}}],"inLanguage":"fr-FR"},{"@type":"Organization","@id":"https:\/\/cnbonreal.com\/#organization","name":"bonreal","url":"https:\/\/cnbonreal.com\/","logo":{"@type":"ImageObject","inLanguage":"fr-FR","@id":"https:\/\/cnbonreal.com\/#\/schema\/logo\/image\/","url":"https:\/\/cnbonreal.com\/wp-content\/uploads\/2023\/12\/350-100.png","contentUrl":"https:\/\/cnbonreal.com\/wp-content\/uploads\/2023\/12\/350-100.png","width":350,"height":100,"caption":"bonreal"},"image":{"@id":"https:\/\/cnbonreal.com\/#\/schema\/logo\/image\/"}}]}},"_links":{"self":[{"href":"https:\/\/cnbonreal.com\/fr\/wp-json\/wp\/v2\/product\/1995","targetHints":{"allow":["GET"]}}],"collection":[{"href":"https:\/\/cnbonreal.com\/fr\/wp-json\/wp\/v2\/product"}],"about":[{"href":"https:\/\/cnbonreal.com\/fr\/wp-json\/wp\/v2\/types\/product"}],"version-history":[{"count":1,"href":"https:\/\/cnbonreal.com\/fr\/wp-json\/wp\/v2\/product\/1995\/revisions"}],"predecessor-version":[{"id":1996,"href":"https:\/\/cnbonreal.com\/fr\/wp-json\/wp\/v2\/product\/1995\/revisions\/1996"}],"wp:featuredmedia":[{"embeddable":true,"href":"https:\/\/cnbonreal.com\/fr\/wp-json\/wp\/v2\/media\/1865"}],"wp:attachment":[{"href":"https:\/\/cnbonreal.com\/fr\/wp-json\/wp\/v2\/media?parent=1995"}],"wp:term":[{"taxonomy":"product_brand","embeddable":true,"href":"https:\/\/cnbonreal.com\/fr\/wp-json\/wp\/v2\/product_brand?post=1995"},{"taxonomy":"product_cat","embeddable":true,"href":"https:\/\/cnbonreal.com\/fr\/wp-json\/wp\/v2\/product_cat?post=1995"},{"taxonomy":"product_tag","embeddable":true,"href":"https:\/\/cnbonreal.com\/fr\/wp-json\/wp\/v2\/product_tag?post=1995"}],"curies":[{"name":"wp","href":"https:\/\/api.w.org\/{rel}","templated":true}]}}