{"id":1848,"date":"2024-05-10T01:44:06","date_gmt":"2024-05-10T00:44:06","guid":{"rendered":"https:\/\/cnbonreal.com\/?post_type=product&#038;p=1848"},"modified":"2024-05-10T01:47:31","modified_gmt":"2024-05-10T00:47:31","slug":"handles-and-pulls-for-bathroom-cabinets-and-drawers-hardware","status":"publish","type":"product","link":"https:\/\/cnbonreal.com\/fr\/produit\/handles-and-pulls-for-bathroom-cabinets-and-drawers-hardware\/","title":{"rendered":"Poign\u00e9es et tirettes pour armoires et tiroirs de salle de bains Quincaillerie"},"content":{"rendered":"","protected":false},"excerpt":{"rendered":"<ul class=\"a-unordered-list a-vertical a-spacing-mini\">\n<li><span class=\"a-list-item\">\u3010Multiples couleurs\u3011 : Les poign\u00e9es des tiroirs de l'armoire peuvent \u00eatre choisies parmi les couleurs suivantes : noir mat, cuivre bross\u00e9, bronze, gris, or.<\/span><\/li>\n<li><span class=\"a-list-item\">\u3010Multiples centres de trous\u3011 : 16\/64\/128\/160\/192\/224\/256\/320mm, selon les mod\u00e8les.<\/span><\/li>\n<li><span class=\"a-list-item\">\u3010Superior Quality\u3011: The high-grade black cabinet pulls, meticulously crafted from solid aluminum alloy, elegant your space and consider with exceptional durability.<\/span><\/li>\n<li class=\"a-spacing-mini\"><span class=\"a-list-item\">\u3010Durable and sturdy\u3011: The handles are made of solid zinc alloy for durability and sturdy. The surface is treated by electroplating for corrosion resistance and smooth edges with no open ends, feel free to grab the pulls.<\/span><\/li>\n<li class=\"a-spacing-mini\"><span class=\"a-list-item\">\u3010Versatile Application\u3011: With classic design and stylish outlook, these black kitchen cabinet handles add timeless appeal to your kitchen, bathroom, and various furniture.<\/span><\/li>\n<\/ul>","protected":false},"featured_media":1749,"template":"","meta":{"site-sidebar-layout":"default","site-content-layout":"","ast-site-content-layout":"default","site-content-style":"default","site-sidebar-style":"default","ast-global-header-display":"","ast-banner-title-visibility":"","ast-main-header-display":"","ast-hfb-above-header-display":"","ast-hfb-below-header-display":"","ast-hfb-mobile-header-display":"","site-post-title":"","ast-breadcrumbs-content":"","ast-featured-img":"","footer-sml-layout":"","ast-disable-related-posts":"","theme-transparent-header-meta":"default","adv-header-id-meta":"","stick-header-meta":"","header-above-stick-meta":"","header-main-stick-meta":"","header-below-stick-meta":"","astra-migrate-meta-layouts":"set","ast-page-background-enabled":"default","ast-page-background-meta":{"desktop":{"background-color":"var(--ast-global-color-4)","background-image":"","background-repeat":"repeat","background-position":"center center","background-size":"auto","background-attachment":"scroll","background-type":"","background-media":"","overlay-type":"","overlay-color":"","overlay-opacity":"","overlay-gradient":""},"tablet":{"background-color":"","background-image":"","background-repeat":"repeat","background-position":"center center","background-size":"auto","background-attachment":"scroll","background-type":"","background-media":"","overlay-type":"","overlay-color":"","overlay-opacity":"","overlay-gradient":""},"mobile":{"background-color":"","background-image":"","background-repeat":"repeat","background-position":"center center","background-size":"auto","background-attachment":"scroll","background-type":"","background-media":"","overlay-type":"","overlay-color":"","overlay-opacity":"","overlay-gradient":""}},"ast-content-background-meta":{"desktop":{"background-color":"var(--ast-global-color-5)","background-image":"","background-repeat":"repeat","background-position":"center center","background-size":"auto","background-attachment":"scroll","background-type":"","background-media":"","overlay-type":"","overlay-color":"","overlay-opacity":"","overlay-gradient":""},"tablet":{"background-color":"var(--ast-global-color-5)","background-image":"","background-repeat":"repeat","background-position":"center center","background-size":"auto","background-attachment":"scroll","background-type":"","background-media":"","overlay-type":"","overlay-color":"","overlay-opacity":"","overlay-gradient":""},"mobile":{"background-color":"var(--ast-global-color-5)","background-image":"","background-repeat":"repeat","background-position":"center center","background-size":"auto","background-attachment":"scroll","background-type":"","background-media":"","overlay-type":"","overlay-color":"","overlay-opacity":"","overlay-gradient":""}}},"product_brand":[],"product_cat":[38],"product_tag":[],"class_list":{"0":"post-1848","1":"product","2":"type-product","3":"status-publish","4":"has-post-thumbnail","6":"product_cat-handles","7":"desktop-align-left","8":"tablet-align-left","9":"mobile-align-left","11":"first","12":"instock","13":"shipping-taxable","14":"product-type-simple"},"yoast_head":"<!-- This site is optimized with the Yoast SEO plugin v27.5 - https:\/\/yoast.com\/product\/yoast-seo-wordpress\/ -->\n<title>Handles and Pulls for Bathroom Cabinets and Drawers Hardware - Bonreal Hardware And Aluminum Profile<\/title>\n<meta name=\"robots\" content=\"index, follow, max-snippet:-1, max-image-preview:large, max-video-preview:-1\" \/>\n<link rel=\"canonical\" href=\"https:\/\/cnbonreal.com\/fr\/produit\/handles-and-pulls-for-bathroom-cabinets-and-drawers-hardware\/\" \/>\n<meta property=\"og:locale\" content=\"fr_FR\" \/>\n<meta property=\"og:type\" content=\"article\" \/>\n<meta property=\"og:title\" content=\"Handles and Pulls for Bathroom Cabinets and Drawers Hardware - Bonreal Hardware And Aluminum Profile\" \/>\n<meta property=\"og:description\" content=\"\u3010Multiple Colors\u3011: The cabinet drawers pulls and handles can be chosen from Matt Black, Brushed Copper, Bronze, Gray, Gold.  \u3010Multiple Hole Centers\u3011: 16\/64\/128\/160\/192\/224\/256\/320mm, depending on the models.  \u3010Superior Quality\u3011: The high-grade black cabinet pulls, meticulously crafted from solid aluminum alloy, elegant your space and consider with exceptional durability.  \u3010Durable and sturdy\u3011: The handles are made of solid zinc alloy for durability and sturdy. The surface is treated by electroplating for corrosion resistance and smooth edges with no open ends, feel free to grab the pulls.  \u3010Versatile Application\u3011: With classic design and stylish outlook, these black kitchen cabinet handles add timeless appeal to your kitchen, bathroom, and various furniture.\" \/>\n<meta property=\"og:url\" content=\"https:\/\/cnbonreal.com\/fr\/produit\/handles-and-pulls-for-bathroom-cabinets-and-drawers-hardware\/\" \/>\n<meta property=\"og:site_name\" content=\"Bonreal Hardware And Aluminum Profile\" \/>\n<meta property=\"article:modified_time\" content=\"2024-05-10T00:47:31+00:00\" \/>\n<meta name=\"twitter:card\" content=\"summary_large_image\" \/>\n<script type=\"application\/ld+json\" class=\"yoast-schema-graph\">{\"@context\":\"https:\\\/\\\/schema.org\",\"@graph\":[{\"@type\":\"WebPage\",\"@id\":\"https:\\\/\\\/cnbonreal.com\\\/product\\\/handles-and-pulls-for-bathroom-cabinets-and-drawers-hardware\\\/\",\"url\":\"https:\\\/\\\/cnbonreal.com\\\/product\\\/handles-and-pulls-for-bathroom-cabinets-and-drawers-hardware\\\/\",\"name\":\"Handles and Pulls for Bathroom Cabinets and Drawers Hardware - Bonreal Hardware And Aluminum Profile\",\"isPartOf\":{\"@id\":\"https:\\\/\\\/cnbonreal.com\\\/#website\"},\"primaryImageOfPage\":{\"@id\":\"https:\\\/\\\/cnbonreal.com\\\/product\\\/handles-and-pulls-for-bathroom-cabinets-and-drawers-hardware\\\/#primaryimage\"},\"image\":{\"@id\":\"https:\\\/\\\/cnbonreal.com\\\/product\\\/handles-and-pulls-for-bathroom-cabinets-and-drawers-hardware\\\/#primaryimage\"},\"thumbnailUrl\":\"https:\\\/\\\/cnbonreal.com\\\/wp-content\\\/uploads\\\/2024\\\/05\\\/handles-17.avif\",\"datePublished\":\"2024-05-10T00:44:06+00:00\",\"dateModified\":\"2024-05-10T00:47:31+00:00\",\"breadcrumb\":{\"@id\":\"https:\\\/\\\/cnbonreal.com\\\/product\\\/handles-and-pulls-for-bathroom-cabinets-and-drawers-hardware\\\/#breadcrumb\"},\"inLanguage\":\"fr-FR\",\"potentialAction\":[{\"@type\":\"ReadAction\",\"target\":[\"https:\\\/\\\/cnbonreal.com\\\/product\\\/handles-and-pulls-for-bathroom-cabinets-and-drawers-hardware\\\/\"]}]},{\"@type\":\"ImageObject\",\"inLanguage\":\"fr-FR\",\"@id\":\"https:\\\/\\\/cnbonreal.com\\\/product\\\/handles-and-pulls-for-bathroom-cabinets-and-drawers-hardware\\\/#primaryimage\",\"url\":\"https:\\\/\\\/cnbonreal.com\\\/wp-content\\\/uploads\\\/2024\\\/05\\\/handles-17.avif\",\"contentUrl\":\"https:\\\/\\\/cnbonreal.com\\\/wp-content\\\/uploads\\\/2024\\\/05\\\/handles-17.avif\",\"width\":600,\"height\":400},{\"@type\":\"BreadcrumbList\",\"@id\":\"https:\\\/\\\/cnbonreal.com\\\/product\\\/handles-and-pulls-for-bathroom-cabinets-and-drawers-hardware\\\/#breadcrumb\",\"itemListElement\":[{\"@type\":\"ListItem\",\"position\":1,\"name\":\"Home\",\"item\":\"https:\\\/\\\/cnbonreal.com\\\/\"},{\"@type\":\"ListItem\",\"position\":2,\"name\":\"Shop\",\"item\":\"https:\\\/\\\/cnbonreal.com\\\/shop\\\/\"},{\"@type\":\"ListItem\",\"position\":3,\"name\":\"Handles and Pulls for Bathroom Cabinets and Drawers Hardware\"}]},{\"@type\":\"WebSite\",\"@id\":\"https:\\\/\\\/cnbonreal.com\\\/#website\",\"url\":\"https:\\\/\\\/cnbonreal.com\\\/\",\"name\":\"bonreal\",\"description\":\"Your Leading Manufacturer of Aluminum Profile And Hardware\",\"publisher\":{\"@id\":\"https:\\\/\\\/cnbonreal.com\\\/#organization\"},\"potentialAction\":[{\"@type\":\"SearchAction\",\"target\":{\"@type\":\"EntryPoint\",\"urlTemplate\":\"https:\\\/\\\/cnbonreal.com\\\/?s={search_term_string}\"},\"query-input\":{\"@type\":\"PropertyValueSpecification\",\"valueRequired\":true,\"valueName\":\"search_term_string\"}}],\"inLanguage\":\"fr-FR\"},{\"@type\":\"Organization\",\"@id\":\"https:\\\/\\\/cnbonreal.com\\\/#organization\",\"name\":\"bonreal\",\"url\":\"https:\\\/\\\/cnbonreal.com\\\/\",\"logo\":{\"@type\":\"ImageObject\",\"inLanguage\":\"fr-FR\",\"@id\":\"https:\\\/\\\/cnbonreal.com\\\/#\\\/schema\\\/logo\\\/image\\\/\",\"url\":\"https:\\\/\\\/cnbonreal.com\\\/wp-content\\\/uploads\\\/2023\\\/12\\\/350-100.png\",\"contentUrl\":\"https:\\\/\\\/cnbonreal.com\\\/wp-content\\\/uploads\\\/2023\\\/12\\\/350-100.png\",\"width\":350,\"height\":100,\"caption\":\"bonreal\"},\"image\":{\"@id\":\"https:\\\/\\\/cnbonreal.com\\\/#\\\/schema\\\/logo\\\/image\\\/\"}}]}<\/script>\n<!-- \/ Yoast SEO plugin. -->","yoast_head_json":{"title":"Handles and Pulls for Bathroom Cabinets and Drawers Hardware - Bonreal Hardware And Aluminum Profile","robots":{"index":"index","follow":"follow","max-snippet":"max-snippet:-1","max-image-preview":"max-image-preview:large","max-video-preview":"max-video-preview:-1"},"canonical":"https:\/\/cnbonreal.com\/fr\/produit\/handles-and-pulls-for-bathroom-cabinets-and-drawers-hardware\/","og_locale":"fr_FR","og_type":"article","og_title":"Handles and Pulls for Bathroom Cabinets and Drawers Hardware - Bonreal Hardware And Aluminum Profile","og_description":"\u3010Multiple Colors\u3011: The cabinet drawers pulls and handles can be chosen from Matt Black, Brushed Copper, Bronze, Gray, Gold.  \u3010Multiple Hole Centers\u3011: 16\/64\/128\/160\/192\/224\/256\/320mm, depending on the models.  \u3010Superior Quality\u3011: The high-grade black cabinet pulls, meticulously crafted from solid aluminum alloy, elegant your space and consider with exceptional durability.  \u3010Durable and sturdy\u3011: The handles are made of solid zinc alloy for durability and sturdy. The surface is treated by electroplating for corrosion resistance and smooth edges with no open ends, feel free to grab the pulls.  \u3010Versatile Application\u3011: With classic design and stylish outlook, these black kitchen cabinet handles add timeless appeal to your kitchen, bathroom, and various furniture.","og_url":"https:\/\/cnbonreal.com\/fr\/produit\/handles-and-pulls-for-bathroom-cabinets-and-drawers-hardware\/","og_site_name":"Bonreal Hardware And Aluminum Profile","article_modified_time":"2024-05-10T00:47:31+00:00","twitter_card":"summary_large_image","schema":{"@context":"https:\/\/schema.org","@graph":[{"@type":"WebPage","@id":"https:\/\/cnbonreal.com\/product\/handles-and-pulls-for-bathroom-cabinets-and-drawers-hardware\/","url":"https:\/\/cnbonreal.com\/product\/handles-and-pulls-for-bathroom-cabinets-and-drawers-hardware\/","name":"Handles and Pulls for Bathroom Cabinets and Drawers Hardware - Bonreal Hardware And Aluminum Profile","isPartOf":{"@id":"https:\/\/cnbonreal.com\/#website"},"primaryImageOfPage":{"@id":"https:\/\/cnbonreal.com\/product\/handles-and-pulls-for-bathroom-cabinets-and-drawers-hardware\/#primaryimage"},"image":{"@id":"https:\/\/cnbonreal.com\/product\/handles-and-pulls-for-bathroom-cabinets-and-drawers-hardware\/#primaryimage"},"thumbnailUrl":"https:\/\/cnbonreal.com\/wp-content\/uploads\/2024\/05\/handles-17.avif","datePublished":"2024-05-10T00:44:06+00:00","dateModified":"2024-05-10T00:47:31+00:00","breadcrumb":{"@id":"https:\/\/cnbonreal.com\/product\/handles-and-pulls-for-bathroom-cabinets-and-drawers-hardware\/#breadcrumb"},"inLanguage":"fr-FR","potentialAction":[{"@type":"ReadAction","target":["https:\/\/cnbonreal.com\/product\/handles-and-pulls-for-bathroom-cabinets-and-drawers-hardware\/"]}]},{"@type":"ImageObject","inLanguage":"fr-FR","@id":"https:\/\/cnbonreal.com\/product\/handles-and-pulls-for-bathroom-cabinets-and-drawers-hardware\/#primaryimage","url":"https:\/\/cnbonreal.com\/wp-content\/uploads\/2024\/05\/handles-17.avif","contentUrl":"https:\/\/cnbonreal.com\/wp-content\/uploads\/2024\/05\/handles-17.avif","width":600,"height":400},{"@type":"BreadcrumbList","@id":"https:\/\/cnbonreal.com\/product\/handles-and-pulls-for-bathroom-cabinets-and-drawers-hardware\/#breadcrumb","itemListElement":[{"@type":"ListItem","position":1,"name":"Home","item":"https:\/\/cnbonreal.com\/"},{"@type":"ListItem","position":2,"name":"Shop","item":"https:\/\/cnbonreal.com\/shop\/"},{"@type":"ListItem","position":3,"name":"Handles and Pulls for Bathroom Cabinets and Drawers Hardware"}]},{"@type":"WebSite","@id":"https:\/\/cnbonreal.com\/#website","url":"https:\/\/cnbonreal.com\/","name":"bonreal","description":"Your Leading Manufacturer of Aluminum Profile And Hardware","publisher":{"@id":"https:\/\/cnbonreal.com\/#organization"},"potentialAction":[{"@type":"SearchAction","target":{"@type":"EntryPoint","urlTemplate":"https:\/\/cnbonreal.com\/?s={search_term_string}"},"query-input":{"@type":"PropertyValueSpecification","valueRequired":true,"valueName":"search_term_string"}}],"inLanguage":"fr-FR"},{"@type":"Organization","@id":"https:\/\/cnbonreal.com\/#organization","name":"bonreal","url":"https:\/\/cnbonreal.com\/","logo":{"@type":"ImageObject","inLanguage":"fr-FR","@id":"https:\/\/cnbonreal.com\/#\/schema\/logo\/image\/","url":"https:\/\/cnbonreal.com\/wp-content\/uploads\/2023\/12\/350-100.png","contentUrl":"https:\/\/cnbonreal.com\/wp-content\/uploads\/2023\/12\/350-100.png","width":350,"height":100,"caption":"bonreal"},"image":{"@id":"https:\/\/cnbonreal.com\/#\/schema\/logo\/image\/"}}]}},"_links":{"self":[{"href":"https:\/\/cnbonreal.com\/fr\/wp-json\/wp\/v2\/product\/1848","targetHints":{"allow":["GET"]}}],"collection":[{"href":"https:\/\/cnbonreal.com\/fr\/wp-json\/wp\/v2\/product"}],"about":[{"href":"https:\/\/cnbonreal.com\/fr\/wp-json\/wp\/v2\/types\/product"}],"version-history":[{"count":1,"href":"https:\/\/cnbonreal.com\/fr\/wp-json\/wp\/v2\/product\/1848\/revisions"}],"predecessor-version":[{"id":1849,"href":"https:\/\/cnbonreal.com\/fr\/wp-json\/wp\/v2\/product\/1848\/revisions\/1849"}],"wp:featuredmedia":[{"embeddable":true,"href":"https:\/\/cnbonreal.com\/fr\/wp-json\/wp\/v2\/media\/1749"}],"wp:attachment":[{"href":"https:\/\/cnbonreal.com\/fr\/wp-json\/wp\/v2\/media?parent=1848"}],"wp:term":[{"taxonomy":"product_brand","embeddable":true,"href":"https:\/\/cnbonreal.com\/fr\/wp-json\/wp\/v2\/product_brand?post=1848"},{"taxonomy":"product_cat","embeddable":true,"href":"https:\/\/cnbonreal.com\/fr\/wp-json\/wp\/v2\/product_cat?post=1848"},{"taxonomy":"product_tag","embeddable":true,"href":"https:\/\/cnbonreal.com\/fr\/wp-json\/wp\/v2\/product_tag?post=1848"}],"curies":[{"name":"wp","href":"https:\/\/api.w.org\/{rel}","templated":true}]}}