{"id":1096,"date":"2024-04-23T09:19:30","date_gmt":"2024-04-23T08:19:30","guid":{"rendered":"https:\/\/cnbonreal.com\/?post_type=product&#038;p=1096"},"modified":"2024-04-29T09:04:15","modified_gmt":"2024-04-29T08:04:15","slug":"yt3001-clothing-rod-clothes-rail","status":"publish","type":"product","link":"https:\/\/cnbonreal.com\/fr\/produit\/yt3001-clothing-rod-clothes-rail\/","title":{"rendered":"Tringle \u00e0 v\u00eatements Tringle \u00e0 v\u00eatements"},"content":{"rendered":"","protected":false},"excerpt":{"rendered":"<p><strong>Caract\u00e9ristiques sp\u00e9ciales :<\/strong><\/p>\n<p>Convient pour suspendre des v\u00eatements.<\/p>\n<p>\u00c9quip\u00e9 d'une bande de caoutchouc antid\u00e9rapante, antid\u00e9rapante et r\u00e9duisant le bruit.<\/p>\n<p>Conception simple, installation rapide et pratique.<\/p>","protected":false},"featured_media":1344,"template":"","meta":{"site-sidebar-layout":"default","site-content-layout":"","ast-site-content-layout":"default","site-content-style":"default","site-sidebar-style":"default","ast-global-header-display":"","ast-banner-title-visibility":"","ast-main-header-display":"","ast-hfb-above-header-display":"","ast-hfb-below-header-display":"","ast-hfb-mobile-header-display":"","site-post-title":"","ast-breadcrumbs-content":"","ast-featured-img":"","footer-sml-layout":"","ast-disable-related-posts":"","theme-transparent-header-meta":"default","adv-header-id-meta":"","stick-header-meta":"","header-above-stick-meta":"","header-main-stick-meta":"","header-below-stick-meta":"","astra-migrate-meta-layouts":"set","ast-page-background-enabled":"default","ast-page-background-meta":{"desktop":{"background-color":"var(--ast-global-color-4)","background-image":"","background-repeat":"repeat","background-position":"center center","background-size":"auto","background-attachment":"scroll","background-type":"","background-media":"","overlay-type":"","overlay-color":"","overlay-opacity":"","overlay-gradient":""},"tablet":{"background-color":"","background-image":"","background-repeat":"repeat","background-position":"center center","background-size":"auto","background-attachment":"scroll","background-type":"","background-media":"","overlay-type":"","overlay-color":"","overlay-opacity":"","overlay-gradient":""},"mobile":{"background-color":"","background-image":"","background-repeat":"repeat","background-position":"center center","background-size":"auto","background-attachment":"scroll","background-type":"","background-media":"","overlay-type":"","overlay-color":"","overlay-opacity":"","overlay-gradient":""}},"ast-content-background-meta":{"desktop":{"background-color":"var(--ast-global-color-5)","background-image":"","background-repeat":"repeat","background-position":"center center","background-size":"auto","background-attachment":"scroll","background-type":"","background-media":"","overlay-type":"","overlay-color":"","overlay-opacity":"","overlay-gradient":""},"tablet":{"background-color":"var(--ast-global-color-5)","background-image":"","background-repeat":"repeat","background-position":"center center","background-size":"auto","background-attachment":"scroll","background-type":"","background-media":"","overlay-type":"","overlay-color":"","overlay-opacity":"","overlay-gradient":""},"mobile":{"background-color":"var(--ast-global-color-5)","background-image":"","background-repeat":"repeat","background-position":"center center","background-size":"auto","background-attachment":"scroll","background-type":"","background-media":"","overlay-type":"","overlay-color":"","overlay-opacity":"","overlay-gradient":""}}},"product_brand":[],"product_cat":[43],"product_tag":[47],"class_list":{"0":"post-1096","1":"product","2":"type-product","3":"status-publish","4":"has-post-thumbnail","6":"product_cat-wardrobe-accessories-storage-system","7":"product_tag-wardrobe-accessories-storage-system","8":"desktop-align-left","9":"tablet-align-left","10":"mobile-align-left","12":"first","13":"instock","14":"shipping-taxable","15":"product-type-simple"},"yoast_head":"<!-- This site is optimized with the Yoast SEO plugin v27.5 - https:\/\/yoast.com\/product\/yoast-seo-wordpress\/ -->\n<title>Clothing Rod Clothes Rail - Bonreal Hardware And Aluminum Profile<\/title>\n<meta name=\"robots\" content=\"index, follow, max-snippet:-1, max-image-preview:large, max-video-preview:-1\" \/>\n<link rel=\"canonical\" href=\"https:\/\/cnbonreal.com\/fr\/produit\/yt3001-clothing-rod-clothes-rail\/\" \/>\n<meta property=\"og:locale\" content=\"fr_FR\" \/>\n<meta property=\"og:type\" content=\"article\" \/>\n<meta property=\"og:title\" content=\"Clothing Rod Clothes Rail - Bonreal Hardware And Aluminum Profile\" \/>\n<meta property=\"og:description\" content=\"Special Features:  Suitable for hanging clothes.  Equipped with anti-skid rubber strip, anti-skid and noise reduction.  Simple design, quick and convenient installation.\" \/>\n<meta property=\"og:url\" content=\"https:\/\/cnbonreal.com\/fr\/produit\/yt3001-clothing-rod-clothes-rail\/\" \/>\n<meta property=\"og:site_name\" content=\"Bonreal Hardware And Aluminum Profile\" \/>\n<meta property=\"article:modified_time\" content=\"2024-04-29T08:04:15+00:00\" \/>\n<meta name=\"twitter:card\" content=\"summary_large_image\" \/>\n<script type=\"application\/ld+json\" class=\"yoast-schema-graph\">{\"@context\":\"https:\\\/\\\/schema.org\",\"@graph\":[{\"@type\":\"WebPage\",\"@id\":\"https:\\\/\\\/cnbonreal.com\\\/product\\\/yt3001-clothing-rod-clothes-rail\\\/\",\"url\":\"https:\\\/\\\/cnbonreal.com\\\/product\\\/yt3001-clothing-rod-clothes-rail\\\/\",\"name\":\"Clothing Rod Clothes Rail - Bonreal Hardware And Aluminum Profile\",\"isPartOf\":{\"@id\":\"https:\\\/\\\/cnbonreal.com\\\/#website\"},\"primaryImageOfPage\":{\"@id\":\"https:\\\/\\\/cnbonreal.com\\\/product\\\/yt3001-clothing-rod-clothes-rail\\\/#primaryimage\"},\"image\":{\"@id\":\"https:\\\/\\\/cnbonreal.com\\\/product\\\/yt3001-clothing-rod-clothes-rail\\\/#primaryimage\"},\"thumbnailUrl\":\"https:\\\/\\\/cnbonreal.com\\\/wp-content\\\/uploads\\\/2024\\\/04\\\/CLOTHING-ROD.avif\",\"datePublished\":\"2024-04-23T08:19:30+00:00\",\"dateModified\":\"2024-04-29T08:04:15+00:00\",\"breadcrumb\":{\"@id\":\"https:\\\/\\\/cnbonreal.com\\\/product\\\/yt3001-clothing-rod-clothes-rail\\\/#breadcrumb\"},\"inLanguage\":\"fr-FR\",\"potentialAction\":[{\"@type\":\"ReadAction\",\"target\":[\"https:\\\/\\\/cnbonreal.com\\\/product\\\/yt3001-clothing-rod-clothes-rail\\\/\"]}]},{\"@type\":\"ImageObject\",\"inLanguage\":\"fr-FR\",\"@id\":\"https:\\\/\\\/cnbonreal.com\\\/product\\\/yt3001-clothing-rod-clothes-rail\\\/#primaryimage\",\"url\":\"https:\\\/\\\/cnbonreal.com\\\/wp-content\\\/uploads\\\/2024\\\/04\\\/CLOTHING-ROD.avif\",\"contentUrl\":\"https:\\\/\\\/cnbonreal.com\\\/wp-content\\\/uploads\\\/2024\\\/04\\\/CLOTHING-ROD.avif\",\"width\":1200,\"height\":1016},{\"@type\":\"BreadcrumbList\",\"@id\":\"https:\\\/\\\/cnbonreal.com\\\/product\\\/yt3001-clothing-rod-clothes-rail\\\/#breadcrumb\",\"itemListElement\":[{\"@type\":\"ListItem\",\"position\":1,\"name\":\"Home\",\"item\":\"https:\\\/\\\/cnbonreal.com\\\/\"},{\"@type\":\"ListItem\",\"position\":2,\"name\":\"Shop\",\"item\":\"https:\\\/\\\/cnbonreal.com\\\/shop\\\/\"},{\"@type\":\"ListItem\",\"position\":3,\"name\":\"Clothing Rod Clothes Rail\"}]},{\"@type\":\"WebSite\",\"@id\":\"https:\\\/\\\/cnbonreal.com\\\/#website\",\"url\":\"https:\\\/\\\/cnbonreal.com\\\/\",\"name\":\"bonreal\",\"description\":\"Your Leading Manufacturer of Aluminum Profile And Hardware\",\"publisher\":{\"@id\":\"https:\\\/\\\/cnbonreal.com\\\/#organization\"},\"potentialAction\":[{\"@type\":\"SearchAction\",\"target\":{\"@type\":\"EntryPoint\",\"urlTemplate\":\"https:\\\/\\\/cnbonreal.com\\\/?s={search_term_string}\"},\"query-input\":{\"@type\":\"PropertyValueSpecification\",\"valueRequired\":true,\"valueName\":\"search_term_string\"}}],\"inLanguage\":\"fr-FR\"},{\"@type\":\"Organization\",\"@id\":\"https:\\\/\\\/cnbonreal.com\\\/#organization\",\"name\":\"bonreal\",\"url\":\"https:\\\/\\\/cnbonreal.com\\\/\",\"logo\":{\"@type\":\"ImageObject\",\"inLanguage\":\"fr-FR\",\"@id\":\"https:\\\/\\\/cnbonreal.com\\\/#\\\/schema\\\/logo\\\/image\\\/\",\"url\":\"https:\\\/\\\/cnbonreal.com\\\/wp-content\\\/uploads\\\/2023\\\/12\\\/350-100.png\",\"contentUrl\":\"https:\\\/\\\/cnbonreal.com\\\/wp-content\\\/uploads\\\/2023\\\/12\\\/350-100.png\",\"width\":350,\"height\":100,\"caption\":\"bonreal\"},\"image\":{\"@id\":\"https:\\\/\\\/cnbonreal.com\\\/#\\\/schema\\\/logo\\\/image\\\/\"}}]}<\/script>\n<!-- \/ Yoast SEO plugin. -->","yoast_head_json":{"title":"Clothing Rod Clothes Rail - Bonreal Hardware And Aluminum Profile","robots":{"index":"index","follow":"follow","max-snippet":"max-snippet:-1","max-image-preview":"max-image-preview:large","max-video-preview":"max-video-preview:-1"},"canonical":"https:\/\/cnbonreal.com\/fr\/produit\/yt3001-clothing-rod-clothes-rail\/","og_locale":"fr_FR","og_type":"article","og_title":"Clothing Rod Clothes Rail - Bonreal Hardware And Aluminum Profile","og_description":"Special Features:  Suitable for hanging clothes.  Equipped with anti-skid rubber strip, anti-skid and noise reduction.  Simple design, quick and convenient installation.","og_url":"https:\/\/cnbonreal.com\/fr\/produit\/yt3001-clothing-rod-clothes-rail\/","og_site_name":"Bonreal Hardware And Aluminum Profile","article_modified_time":"2024-04-29T08:04:15+00:00","twitter_card":"summary_large_image","schema":{"@context":"https:\/\/schema.org","@graph":[{"@type":"WebPage","@id":"https:\/\/cnbonreal.com\/product\/yt3001-clothing-rod-clothes-rail\/","url":"https:\/\/cnbonreal.com\/product\/yt3001-clothing-rod-clothes-rail\/","name":"Clothing Rod Clothes Rail - Bonreal Hardware And Aluminum Profile","isPartOf":{"@id":"https:\/\/cnbonreal.com\/#website"},"primaryImageOfPage":{"@id":"https:\/\/cnbonreal.com\/product\/yt3001-clothing-rod-clothes-rail\/#primaryimage"},"image":{"@id":"https:\/\/cnbonreal.com\/product\/yt3001-clothing-rod-clothes-rail\/#primaryimage"},"thumbnailUrl":"https:\/\/cnbonreal.com\/wp-content\/uploads\/2024\/04\/CLOTHING-ROD.avif","datePublished":"2024-04-23T08:19:30+00:00","dateModified":"2024-04-29T08:04:15+00:00","breadcrumb":{"@id":"https:\/\/cnbonreal.com\/product\/yt3001-clothing-rod-clothes-rail\/#breadcrumb"},"inLanguage":"fr-FR","potentialAction":[{"@type":"ReadAction","target":["https:\/\/cnbonreal.com\/product\/yt3001-clothing-rod-clothes-rail\/"]}]},{"@type":"ImageObject","inLanguage":"fr-FR","@id":"https:\/\/cnbonreal.com\/product\/yt3001-clothing-rod-clothes-rail\/#primaryimage","url":"https:\/\/cnbonreal.com\/wp-content\/uploads\/2024\/04\/CLOTHING-ROD.avif","contentUrl":"https:\/\/cnbonreal.com\/wp-content\/uploads\/2024\/04\/CLOTHING-ROD.avif","width":1200,"height":1016},{"@type":"BreadcrumbList","@id":"https:\/\/cnbonreal.com\/product\/yt3001-clothing-rod-clothes-rail\/#breadcrumb","itemListElement":[{"@type":"ListItem","position":1,"name":"Home","item":"https:\/\/cnbonreal.com\/"},{"@type":"ListItem","position":2,"name":"Shop","item":"https:\/\/cnbonreal.com\/shop\/"},{"@type":"ListItem","position":3,"name":"Clothing Rod Clothes Rail"}]},{"@type":"WebSite","@id":"https:\/\/cnbonreal.com\/#website","url":"https:\/\/cnbonreal.com\/","name":"bonreal","description":"Your Leading Manufacturer of Aluminum Profile And Hardware","publisher":{"@id":"https:\/\/cnbonreal.com\/#organization"},"potentialAction":[{"@type":"SearchAction","target":{"@type":"EntryPoint","urlTemplate":"https:\/\/cnbonreal.com\/?s={search_term_string}"},"query-input":{"@type":"PropertyValueSpecification","valueRequired":true,"valueName":"search_term_string"}}],"inLanguage":"fr-FR"},{"@type":"Organization","@id":"https:\/\/cnbonreal.com\/#organization","name":"bonreal","url":"https:\/\/cnbonreal.com\/","logo":{"@type":"ImageObject","inLanguage":"fr-FR","@id":"https:\/\/cnbonreal.com\/#\/schema\/logo\/image\/","url":"https:\/\/cnbonreal.com\/wp-content\/uploads\/2023\/12\/350-100.png","contentUrl":"https:\/\/cnbonreal.com\/wp-content\/uploads\/2023\/12\/350-100.png","width":350,"height":100,"caption":"bonreal"},"image":{"@id":"https:\/\/cnbonreal.com\/#\/schema\/logo\/image\/"}}]}},"_links":{"self":[{"href":"https:\/\/cnbonreal.com\/fr\/wp-json\/wp\/v2\/product\/1096","targetHints":{"allow":["GET"]}}],"collection":[{"href":"https:\/\/cnbonreal.com\/fr\/wp-json\/wp\/v2\/product"}],"about":[{"href":"https:\/\/cnbonreal.com\/fr\/wp-json\/wp\/v2\/types\/product"}],"version-history":[{"count":2,"href":"https:\/\/cnbonreal.com\/fr\/wp-json\/wp\/v2\/product\/1096\/revisions"}],"predecessor-version":[{"id":1346,"href":"https:\/\/cnbonreal.com\/fr\/wp-json\/wp\/v2\/product\/1096\/revisions\/1346"}],"wp:featuredmedia":[{"embeddable":true,"href":"https:\/\/cnbonreal.com\/fr\/wp-json\/wp\/v2\/media\/1344"}],"wp:attachment":[{"href":"https:\/\/cnbonreal.com\/fr\/wp-json\/wp\/v2\/media?parent=1096"}],"wp:term":[{"taxonomy":"product_brand","embeddable":true,"href":"https:\/\/cnbonreal.com\/fr\/wp-json\/wp\/v2\/product_brand?post=1096"},{"taxonomy":"product_cat","embeddable":true,"href":"https:\/\/cnbonreal.com\/fr\/wp-json\/wp\/v2\/product_cat?post=1096"},{"taxonomy":"product_tag","embeddable":true,"href":"https:\/\/cnbonreal.com\/fr\/wp-json\/wp\/v2\/product_tag?post=1096"}],"curies":[{"name":"wp","href":"https:\/\/api.w.org\/{rel}","templated":true}]}}